{"id":560,"date":"2016-07-10T20:11:21","date_gmt":"2016-07-10T18:11:21","guid":{"rendered":"http:\/\/travelinggerman.com\/?page_id=560&#038;lang=de"},"modified":"2017-08-30T19:02:57","modified_gmt":"2017-08-30T17:02:57","slug":"ueber-traveling-german","status":"publish","type":"page","link":"https:\/\/travelinggerman.com\/de\/ueber-traveling-german\/","title":{"rendered":"\u00dcber Traveling German"},"content":{"rendered":"<h2>Hallo! Sch\u00f6n dass du vorbei schaust.<\/h2>\n<p><img loading=\"lazy\" decoding=\"async\" class=\"alignright wp-image-312\" src=\"http:\/\/travelinggerman.com\/wp-content\/uploads\/2012\/08\/profile-kep-336x560.jpg\" alt=\"Camera 360\" width=\"200\" height=\"332\" srcset=\"https:\/\/travelinggerman.com\/wp-content\/uploads\/2012\/08\/profile-kep-336x560.jpg 336w, https:\/\/travelinggerman.com\/wp-content\/uploads\/2012\/08\/profile-kep-616x1024.jpg 616w, https:\/\/travelinggerman.com\/wp-content\/uploads\/2012\/08\/profile-kep.jpg 770w\" sizes=\"(max-width: 200px) 100vw, 200px\" \/>Ich bin eine deutsche Reisende &#8211; &#8220;Traveling German&#8221;! Urspr\u00fcnglich aus der N\u00e4he von Stuttgart, wohne ich jetzt in Barcelona, Spanien, und bin regelm\u00e4\u00dfig unterwegs, um die Welt zu erkunden. Hier teile ich die Geschichten meiner Trips und praktische Tipps, die anderen Reisenden helfen k\u00f6nnten. Wenn ich nicht unterwegs bin, arbeite ich als Marketing- und Kommunikationsberaterin und helfe Unternehmen weltweit, ihr Gesch\u00e4ft zu internationalisieren. Nebenher unterrichte ich au\u00dferdem Schokoladen-Workshops (ja, echt!) und organisiere Events wie Laser-Tag-Battles und Weinproben im Park f\u00fcr eine Meetup-Gruppe in Barcelona. <\/p>\n<h2>Warum ich blogge<\/h2>\n<p>Ich liebe es, neues zu entdecken. Ob ich ans andere Ende der Welt fliege um alte Tempelruinen in Kambodscha zu entdecken oder einfach nur ein verstecktes kleines Caf\u00e9 um die Ecke finde &#8211; neues zu entdecken macht mir Spa\u00df und f\u00fchlt sich nach Abenteuer an. Wo wir schon beim Thema Abenteuer sind&#8230; \u00fcber die letzten paar Jahre habe ich auf meinen Reisen immer wieder neue Abenteuersportarten und Aktivit\u00e4ten ausprobiert, inzwischen ist das ein richtiges Hobby geworden. Meine neueste Passion sind Wassersportarten &#8211; Kayaking, Segeln, Stand-Up Paddleboarding. Zur Zeit bin ich mindestens zweimal die Woche auf dem Wasser. Wenn man schon in Barcelona lebt, muss man das ja auch ausnutzen!<\/p>\n<p>Das Bloggen ist meine Art, die Geschichten dieser gro\u00dfen und kleinen Abenteuer zu teilen. Ich m\u00f6chte meine Entdeckungen mit anderen teilen und Leute inspirieren, die Welt um sie herum zu entdecken, egal ob um die Ecke oder am anderen Ende der Welt.<\/p>\n<h2>Welche Art von Geschichten teile ich?<\/h2>\n<ul>\n<li>Geschichten meiner Reisen, egal ob lustig, furchterregend oder inspirierend <\/li>\n<li>Tips und Inspiration f\u00fcr Abenteuerreisen, zum Beispiel f\u00fcr den <a href=\"https:\/\/travelinggerman.com\/de\/vietnam-urlaub-5-aktivitaeten-fuer-abenteurer\/\" target=\"_blank\">Abenteuerurlaub in Vietnam<\/a><\/li>\n<li>Praktische Tipps, die anderen Reisenden und Entdeckern helfen k\u00f6nnten &#8211; vor allem Informationen, die ich vor meinen Reisen gesucht und nicht gefunden habe, zum Beispiel wie man ein <a href=\"https:\/\/travelinggerman.com\/de\/vietnam-visum-2016\/\" target=\"_blank\">Visum f\u00fcr Vietnam<\/a> bekommt<\/li>\n<li>Geschichten \u00fcber einzigartige kulturelle Aspekte die mich beeindruckt haben, wie die <a href=\"https:\/\/travelinggerman.com\/de\/angkor-wat-basics-guide-alles-du-ueber-angkor-wat-wissen-musst\/\" target=\"_blank\">Tempel von Angkor Wat<\/a> Castellers (Menschenpyramiden) in Katalonien<\/li>\n<li>Alles \u00fcber <a href=\"https:\/\/travelinggerman.com\/de\/saigon-fuer-foodies-8-gerichte\/\" target=\"_blank\">Essen<\/a>, weil es mich fasziniert. Und wer mag schon kein Essen?<\/li>\n<\/ul>\n<h2>Wie man mich erreicht<\/h2>\n<p>Ihr k\u00f6nnt mich \u00fcber das <a title=\"Contact\" href=\"http:\/\/travelinggerman.com\/contact\/\" target=\"_blank\">Kontaktformular<\/a> erreichen, oder \u00fcber <a href=\"http:\/\/twitter.com\/edwina_\" target=\"_blank\">Twitter<\/a>.<\/p>\n<p>Wenn ihr mit mir zusammen arbeiten wollt, interessiert euch vielleicht auch mein <a href=\"http:\/\/es.linkedin.com\/in\/edendler\/\" target=\"_blank\">LinkedIn-Profil<\/a>.<\/p>\n<h2>Wo ich zur Zeit bin<\/h2>\n<p>Barcelona, Spanien<\/p>\n<h2>Meine n\u00e4chsten Reisen<\/h2>\n<p>Singapur, Malaysia, Thailand &#038; Myanmar<\/p>\n","protected":false},"excerpt":{"rendered":"<p>Hallo! Sch\u00f6n dass du vorbei schaust. Ich bin eine deutsche Reisende &#8211; &#8220;Traveling German&#8221;! Urspr\u00fcnglich aus der N\u00e4he von Stuttgart, wohne ich jetzt in Barcelona, Spanien, und bin regelm\u00e4\u00dfig unterwegs, um die Welt zu erkunden. Hier teile ich die Geschichten meiner Trips und praktische Tipps, die anderen Reisenden helfen k\u00f6nnten. Wenn ich nicht unterwegs bin, <a class=\"more-link\" href=\"https:\/\/travelinggerman.com\/de\/ueber-traveling-german\/\">Continue reading <i class=\"fa fa-chevron-right\"><\/i><\/a><\/p>\n","protected":false},"author":1,"featured_media":0,"parent":0,"menu_order":0,"comment_status":"closed","ping_status":"closed","template":"","meta":{"footnotes":""},"yoast_head":"<!-- This site is optimized with the Yoast SEO plugin v22.7 - https:\/\/yoast.com\/wordpress\/plugins\/seo\/ -->\n<title>\u00dcber Traveling German - Traveling German<\/title>\n<meta name=\"robots\" content=\"index, follow, max-snippet:-1, max-image-preview:large, max-video-preview:-1\" \/>\n<link rel=\"canonical\" href=\"https:\/\/travelinggerman.com\/de\/ueber-traveling-german\/\" \/>\n<meta property=\"og:locale\" content=\"de_DE\" \/>\n<meta property=\"og:type\" content=\"article\" \/>\n<meta property=\"og:title\" content=\"\u00dcber Traveling German - Traveling German\" \/>\n<meta property=\"og:description\" content=\"Hallo! Sch\u00f6n dass du vorbei schaust. Ich bin eine deutsche Reisende &#8211; &#8220;Traveling German&#8221;! Urspr\u00fcnglich aus der N\u00e4he von Stuttgart, wohne ich jetzt in Barcelona, Spanien, und bin regelm\u00e4\u00dfig unterwegs, um die Welt zu erkunden. Hier teile ich die Geschichten meiner Trips und praktische Tipps, die anderen Reisenden helfen k\u00f6nnten. Wenn ich nicht unterwegs bin, Continue reading\" \/>\n<meta property=\"og:url\" content=\"https:\/\/travelinggerman.com\/de\/ueber-traveling-german\/\" \/>\n<meta property=\"og:site_name\" content=\"Traveling German\" \/>\n<meta property=\"article:publisher\" content=\"https:\/\/www.facebook.com\/travelinggerman\" \/>\n<meta property=\"article:modified_time\" content=\"2017-08-30T17:02:57+00:00\" \/>\n<meta property=\"og:image\" content=\"http:\/\/travelinggerman.com\/wp-content\/uploads\/2012\/08\/profile-kep-336x560.jpg\" \/>\n<meta name=\"twitter:card\" content=\"summary_large_image\" \/>\n<meta name=\"twitter:site\" content=\"@edwina_\" \/>\n<meta name=\"twitter:label1\" content=\"Est. reading time\" \/>\n\t<meta name=\"twitter:data1\" content=\"2 minutes\" \/>\n<script type=\"application\/ld+json\" class=\"yoast-schema-graph\">{\"@context\":\"https:\/\/schema.org\",\"@graph\":[{\"@type\":\"WebPage\",\"@id\":\"https:\/\/travelinggerman.com\/de\/ueber-traveling-german\/\",\"url\":\"https:\/\/travelinggerman.com\/de\/ueber-traveling-german\/\",\"name\":\"\u00dcber Traveling German - Traveling German\",\"isPartOf\":{\"@id\":\"https:\/\/travelinggerman.com\/#website\"},\"primaryImageOfPage\":{\"@id\":\"https:\/\/travelinggerman.com\/de\/ueber-traveling-german\/#primaryimage\"},\"image\":{\"@id\":\"https:\/\/travelinggerman.com\/de\/ueber-traveling-german\/#primaryimage\"},\"thumbnailUrl\":\"http:\/\/travelinggerman.com\/wp-content\/uploads\/2012\/08\/profile-kep-336x560.jpg\",\"datePublished\":\"2016-07-10T18:11:21+00:00\",\"dateModified\":\"2017-08-30T17:02:57+00:00\",\"breadcrumb\":{\"@id\":\"https:\/\/travelinggerman.com\/de\/ueber-traveling-german\/#breadcrumb\"},\"inLanguage\":\"de-DE\",\"potentialAction\":[{\"@type\":\"ReadAction\",\"target\":[\"https:\/\/travelinggerman.com\/de\/ueber-traveling-german\/\"]}]},{\"@type\":\"ImageObject\",\"inLanguage\":\"de-DE\",\"@id\":\"https:\/\/travelinggerman.com\/de\/ueber-traveling-german\/#primaryimage\",\"url\":\"http:\/\/travelinggerman.com\/wp-content\/uploads\/2012\/08\/profile-kep-336x560.jpg\",\"contentUrl\":\"http:\/\/travelinggerman.com\/wp-content\/uploads\/2012\/08\/profile-kep-336x560.jpg\"},{\"@type\":\"BreadcrumbList\",\"@id\":\"https:\/\/travelinggerman.com\/de\/ueber-traveling-german\/#breadcrumb\",\"itemListElement\":[{\"@type\":\"ListItem\",\"position\":1,\"name\":\"Home\",\"item\":\"https:\/\/travelinggerman.com\/\"},{\"@type\":\"ListItem\",\"position\":2,\"name\":\"\u00dcber Traveling German\"}]},{\"@type\":\"WebSite\",\"@id\":\"https:\/\/travelinggerman.com\/#website\",\"url\":\"https:\/\/travelinggerman.com\/\",\"name\":\"Traveling German\",\"description\":\"LUXURY ADVENTURE TRAVEL\",\"potentialAction\":[{\"@type\":\"SearchAction\",\"target\":{\"@type\":\"EntryPoint\",\"urlTemplate\":\"https:\/\/travelinggerman.com\/?s={search_term_string}\"},\"query-input\":\"required name=search_term_string\"}],\"inLanguage\":\"de-DE\"}]}<\/script>\n<!-- \/ Yoast SEO plugin. -->","yoast_head_json":{"title":"\u00dcber Traveling German - Traveling German","robots":{"index":"index","follow":"follow","max-snippet":"max-snippet:-1","max-image-preview":"max-image-preview:large","max-video-preview":"max-video-preview:-1"},"canonical":"https:\/\/travelinggerman.com\/de\/ueber-traveling-german\/","og_locale":"de_DE","og_type":"article","og_title":"\u00dcber Traveling German - Traveling German","og_description":"Hallo! Sch\u00f6n dass du vorbei schaust. Ich bin eine deutsche Reisende &#8211; &#8220;Traveling German&#8221;! Urspr\u00fcnglich aus der N\u00e4he von Stuttgart, wohne ich jetzt in Barcelona, Spanien, und bin regelm\u00e4\u00dfig unterwegs, um die Welt zu erkunden. Hier teile ich die Geschichten meiner Trips und praktische Tipps, die anderen Reisenden helfen k\u00f6nnten. Wenn ich nicht unterwegs bin, Continue reading","og_url":"https:\/\/travelinggerman.com\/de\/ueber-traveling-german\/","og_site_name":"Traveling German","article_publisher":"https:\/\/www.facebook.com\/travelinggerman","article_modified_time":"2017-08-30T17:02:57+00:00","og_image":[{"url":"http:\/\/travelinggerman.com\/wp-content\/uploads\/2012\/08\/profile-kep-336x560.jpg"}],"twitter_card":"summary_large_image","twitter_site":"@edwina_","twitter_misc":{"Est. reading time":"2 minutes"},"schema":{"@context":"https:\/\/schema.org","@graph":[{"@type":"WebPage","@id":"https:\/\/travelinggerman.com\/de\/ueber-traveling-german\/","url":"https:\/\/travelinggerman.com\/de\/ueber-traveling-german\/","name":"\u00dcber Traveling German - Traveling German","isPartOf":{"@id":"https:\/\/travelinggerman.com\/#website"},"primaryImageOfPage":{"@id":"https:\/\/travelinggerman.com\/de\/ueber-traveling-german\/#primaryimage"},"image":{"@id":"https:\/\/travelinggerman.com\/de\/ueber-traveling-german\/#primaryimage"},"thumbnailUrl":"http:\/\/travelinggerman.com\/wp-content\/uploads\/2012\/08\/profile-kep-336x560.jpg","datePublished":"2016-07-10T18:11:21+00:00","dateModified":"2017-08-30T17:02:57+00:00","breadcrumb":{"@id":"https:\/\/travelinggerman.com\/de\/ueber-traveling-german\/#breadcrumb"},"inLanguage":"de-DE","potentialAction":[{"@type":"ReadAction","target":["https:\/\/travelinggerman.com\/de\/ueber-traveling-german\/"]}]},{"@type":"ImageObject","inLanguage":"de-DE","@id":"https:\/\/travelinggerman.com\/de\/ueber-traveling-german\/#primaryimage","url":"http:\/\/travelinggerman.com\/wp-content\/uploads\/2012\/08\/profile-kep-336x560.jpg","contentUrl":"http:\/\/travelinggerman.com\/wp-content\/uploads\/2012\/08\/profile-kep-336x560.jpg"},{"@type":"BreadcrumbList","@id":"https:\/\/travelinggerman.com\/de\/ueber-traveling-german\/#breadcrumb","itemListElement":[{"@type":"ListItem","position":1,"name":"Home","item":"https:\/\/travelinggerman.com\/"},{"@type":"ListItem","position":2,"name":"\u00dcber Traveling German"}]},{"@type":"WebSite","@id":"https:\/\/travelinggerman.com\/#website","url":"https:\/\/travelinggerman.com\/","name":"Traveling German","description":"LUXURY ADVENTURE TRAVEL","potentialAction":[{"@type":"SearchAction","target":{"@type":"EntryPoint","urlTemplate":"https:\/\/travelinggerman.com\/?s={search_term_string}"},"query-input":"required name=search_term_string"}],"inLanguage":"de-DE"}]}},"_links":{"self":[{"href":"https:\/\/travelinggerman.com\/de\/wp-json\/wp\/v2\/pages\/560"}],"collection":[{"href":"https:\/\/travelinggerman.com\/de\/wp-json\/wp\/v2\/pages"}],"about":[{"href":"https:\/\/travelinggerman.com\/de\/wp-json\/wp\/v2\/types\/page"}],"author":[{"embeddable":true,"href":"https:\/\/travelinggerman.com\/de\/wp-json\/wp\/v2\/users\/1"}],"replies":[{"embeddable":true,"href":"https:\/\/travelinggerman.com\/de\/wp-json\/wp\/v2\/comments?post=560"}],"version-history":[{"count":0,"href":"https:\/\/travelinggerman.com\/de\/wp-json\/wp\/v2\/pages\/560\/revisions"}],"wp:attachment":[{"href":"https:\/\/travelinggerman.com\/de\/wp-json\/wp\/v2\/media?parent=560"}],"curies":[{"name":"wp","href":"https:\/\/api.w.org\/{rel}","templated":true}]}}